{"id":890,"date":"2011-06-14T16:39:47","date_gmt":"2011-06-14T14:39:47","guid":{"rendered":"http:\/\/leres.ehesp.fr\/?page_id=890"},"modified":"2013-05-06T10:47:30","modified_gmt":"2013-05-06T08:47:30","slug":"privacy-policy","status":"publish","type":"page","link":"https:\/\/leres.ehesp.fr\/en\/privacy-policy\/","title":{"rendered":"Privacy policy"},"content":{"rendered":"<h2>Editorial content managed by<\/h2>\n<p>LERES (Laboratoire d\u2019\u00e9tude et de recherche en environnement et sant\u00e9)<br \/>\n\u00c9cole des hautes \u00e9tudes en sant\u00e9 publique<br \/>\navenue du Pr. L\u00e9on Bernard<br \/>\n35043 Rennes<br \/>\nT\u00e9l. : +33 (0) 2 99 02 22 00<br \/>\nManaging editor : Laurent Chambaud<\/p>\n<h2>Hosting<\/h2>\n<p>\u00c9cole des hautes \u00e9tudes en sant\u00e9 publique<br \/>\nService informatique<br \/>\navenue du Pr. L\u00e9on Bernard<br \/>\n35043 Rennes<\/p>\n<h2>Web development and webdesign<\/h2>\n<p>Artwa\u00ef<br \/>\nLa Pelousi\u00e8re<br \/>\n35630 Langou\u00ebt<br \/>\n<a href=\"http:\/\/www.artwai.com\" target=\"_blank\">http:\/\/www.artwai.com<\/a><\/p>\n<h2>Intellectual property<\/h2>\n<p>This site is subject to French and international copyright and intellectual property law. All rights of reproduction are reserved, including downloadable documents and iconographic and photographic images.<\/p>\n<p>This site may not be reproduced, in part or as a whole, on any form of electronic medium whatsoever unless expressly authorised by the publicity service manager.<\/p>\n<p>Documents on this site may be reproduced on paper, for example for teaching purposes, subject to the following conditions:<\/p>\n<ul>\n<li>the documents are distributed free of charge,<\/li>\n<li>the integrity of the documents is maintained: the documents may not be modified or changed in any way and extracts must give the source clearly and legibly, for example in the form \u201cThis document comes from the LERES web site: <a href=\"https:\/\/leres.ehesp.fr\">https:\/\/leres.ehesp.fr<\/a>. Reproduction rights are reserved and strictly limited\u201d.<\/li>\n<li>The address of the LERES web site must appear in the reference.<\/li>\n<li>Please contact the LERES if you wish to use the documents in any other way.<\/li>\n<\/ul>\n<h2>Photo credit<\/h2>\n<p>\u00a9 LERES<\/p>\n<h2>Official documents on the site<\/h2>\n<p>Only documents published in the paper edition of the Official Journal are binding. To obtain a copy of these documents, make a note of the reference of the Official Journal in which the relevant documents appear and order the corresponding copy from the Official Journal.<\/p>\n<p>Documents distributed electronically on this site have been checked thoroughly but may still contain errors. If you come across any errors, please tell us by contacting the webmaster. We will make the necessary corrections immediately. However, the documents may have been updated between the time of downloading and the time of use.<\/p>\n<h2>Data protection on the LERES website<\/h2>\n<ul>\n<li>No personal data is collected without your knowledge<\/li>\n<li>No personal data is passed on to third parties<\/li>\n<li>Personal data will only be for the purposes for which it was collected<\/li>\n<\/ul>\n<h2>Personal data distributed on the site<\/h2>\n<p>You have the right to access, modify, correct or delete personal data about you (1998 Data Protection Act). Inquiries should be sent to the webmaster: Direction de la Communication, \u00c9cole des Hautes \u00c9tudes en Sant\u00e9 Publique, Avenue du professeur L\u00e9on Bernard, 35 043 Rennes cedex or to webmaster(at)ehesp.fr<\/p>\n<p>The information collected through the satisfaction survey&#8217;s form are being processed electronically. The recipients of the data services are EHESP. These personal files were declared to the Commission Nationale Informatique et Libert\u00e9 (CNIL declaration receipt No. 1477503v0). According to the law &#8220;Informatique et Libert\u00e9s of 6 January 1978, you have the right to access, modify, correct or delete personal data about you (1998 Data Protection Act). Inquiries should be sent to the webmaster: LERES, Ecole des hautes \u00e9tudes en sant\u00e9 publique, Avenue du Professeur L\u00e9on Bernard 35043 Rennes cedex or to contact-clients.leres(at)EHESP.fr<\/p>\n","protected":false},"excerpt":{"rendered":"<p>Editorial content managed by LERES (Laboratoire d\u2019\u00e9tude et de recherche en environnement et sant\u00e9) \u00c9cole des hautes \u00e9tudes en sant\u00e9 publique avenue du Pr. L\u00e9on Bernard 35043 Rennes T\u00e9l. :&#8230;<br \/><a class=\"more-link\" href=\"https:\/\/leres.ehesp.fr\/en\/privacy-policy\/\">Read more &raquo;<\/a><\/p>\n","protected":false},"author":1,"featured_media":0,"parent":0,"menu_order":0,"comment_status":"closed","ping_status":"open","template":"","meta":{"footnotes":""},"class_list":["post-890","page","type-page","status-publish","hentry"],"_links":{"self":[{"href":"https:\/\/leres.ehesp.fr\/en\/wp-json\/wp\/v2\/pages\/890","targetHints":{"allow":["GET"]}}],"collection":[{"href":"https:\/\/leres.ehesp.fr\/en\/wp-json\/wp\/v2\/pages"}],"about":[{"href":"https:\/\/leres.ehesp.fr\/en\/wp-json\/wp\/v2\/types\/page"}],"author":[{"embeddable":true,"href":"https:\/\/leres.ehesp.fr\/en\/wp-json\/wp\/v2\/users\/1"}],"replies":[{"embeddable":true,"href":"https:\/\/leres.ehesp.fr\/en\/wp-json\/wp\/v2\/comments?post=890"}],"version-history":[{"count":3,"href":"https:\/\/leres.ehesp.fr\/en\/wp-json\/wp\/v2\/pages\/890\/revisions"}],"predecessor-version":[{"id":892,"href":"https:\/\/leres.ehesp.fr\/en\/wp-json\/wp\/v2\/pages\/890\/revisions\/892"}],"wp:attachment":[{"href":"https:\/\/leres.ehesp.fr\/en\/wp-json\/wp\/v2\/media?parent=890"}],"curies":[{"name":"wp","href":"https:\/\/api.w.org\/{rel}","templated":true}]}}